{"id":2,"date":"2020-04-08T19:37:28","date_gmt":"2020-04-08T16:37:28","guid":{"rendered":"http:\/\/www.musakinaci.com\/?page_id=2"},"modified":"2020-11-20T21:51:37","modified_gmt":"2020-11-20T18:51:37","slug":"ornek-sayfa","status":"publish","type":"page","link":"https:\/\/www.musakinaci.com\/index.php\/ornek-sayfa\/","title":{"rendered":"Youtube Kanal\u0131m\u0131z&#8230;"},"content":{"rendered":"\n<p><\/p>\n\n\n\n<blockquote class=\"wp-block-quote is-layout-flow wp-block-quote-is-layout-flow\"><p><a href=\"http:\/\/www.musakinaci.com\/index.php\/genel-muzik\/\"><strong>Genel M\u00fczik<\/strong><\/a><\/p><\/blockquote>\n\n\n\n<p><\/p>\n\n\n\n<blockquote class=\"wp-block-quote is-layout-flow wp-block-quote-is-layout-flow\"><p><a href=\"http:\/\/www.musakinaci.com\/index.php\/kisisel-gelisim-video\/\"><strong>Ki\u015fisel Geli\u015fim Video<\/strong><\/a><\/p><\/blockquote>\n\n\n\n<p><\/p>\n","protected":false},"excerpt":{"rendered":"<p>Genel M\u00fczik Ki\u015fisel Geli\u015fim Video<\/p>\n","protected":false},"author":1,"featured_media":0,"parent":0,"menu_order":0,"comment_status":"closed","ping_status":"open","template":"","meta":{"footnotes":""},"class_list":["post-2","page","type-page","status-publish","hentry"],"_links":{"self":[{"href":"https:\/\/www.musakinaci.com\/index.php\/wp-json\/wp\/v2\/pages\/2","targetHints":{"allow":["GET"]}}],"collection":[{"href":"https:\/\/www.musakinaci.com\/index.php\/wp-json\/wp\/v2\/pages"}],"about":[{"href":"https:\/\/www.musakinaci.com\/index.php\/wp-json\/wp\/v2\/types\/page"}],"author":[{"embeddable":true,"href":"https:\/\/www.musakinaci.com\/index.php\/wp-json\/wp\/v2\/users\/1"}],"replies":[{"embeddable":true,"href":"https:\/\/www.musakinaci.com\/index.php\/wp-json\/wp\/v2\/comments?post=2"}],"version-history":[{"count":8,"href":"https:\/\/www.musakinaci.com\/index.php\/wp-json\/wp\/v2\/pages\/2\/revisions"}],"predecessor-version":[{"id":329,"href":"https:\/\/www.musakinaci.com\/index.php\/wp-json\/wp\/v2\/pages\/2\/revisions\/329"}],"wp:attachment":[{"href":"https:\/\/www.musakinaci.com\/index.php\/wp-json\/wp\/v2\/media?parent=2"}],"curies":[{"name":"wp","href":"https:\/\/api.w.org\/{rel}","templated":true}]}}