{"id":178,"date":"2020-04-10T16:42:27","date_gmt":"2020-04-10T13:42:27","guid":{"rendered":"http:\/\/www.musakinaci.com\/?page_id=178"},"modified":"2020-11-20T21:25:51","modified_gmt":"2020-11-20T18:25:51","slug":"kendi-resimlerim","status":"publish","type":"page","link":"https:\/\/www.musakinaci.com\/index.php\/kendi-resimlerim\/","title":{"rendered":"Kendi Resimlerim&#8230;"},"content":{"rendered":"<figure id=\"attachment_5\" aria-describedby=\"caption-attachment-5\" style=\"width: 240px\" class=\"wp-caption alignnone\"><img loading=\"lazy\" decoding=\"async\" class=\"size-medium wp-image-5\" src=\"http:\/\/www.musakinaci.com\/wp-content\/uploads\/2020\/04\/musa1-240x300.jpg\" alt=\"\" width=\"240\" height=\"300\" srcset=\"https:\/\/www.musakinaci.com\/wp-content\/uploads\/2020\/04\/musa1-240x300.jpg 240w, https:\/\/www.musakinaci.com\/wp-content\/uploads\/2020\/04\/musa1.jpg 480w\" sizes=\"auto, (max-width: 240px) 100vw, 240px\" \/><figcaption id=\"caption-attachment-5\" class=\"wp-caption-text\">Konyalar bizim mekan\u0131m\u0131zd\u0131&#8230;<\/figcaption><\/figure>\n<p><img loading=\"lazy\" decoding=\"async\" class=\"alignnone size-medium wp-image-41\" src=\"http:\/\/www.musakinaci.com\/wp-content\/uploads\/2020\/04\/SDC10461-225x300.jpg\" alt=\"\" width=\"225\" height=\"300\" srcset=\"https:\/\/www.musakinaci.com\/wp-content\/uploads\/2020\/04\/SDC10461-225x300.jpg 225w, https:\/\/www.musakinaci.com\/wp-content\/uploads\/2020\/04\/SDC10461-768x1024.jpg 768w, https:\/\/www.musakinaci.com\/wp-content\/uploads\/2020\/04\/SDC10461-1152x1536.jpg 1152w, https:\/\/www.musakinaci.com\/wp-content\/uploads\/2020\/04\/SDC10461-1536x2048.jpg 1536w, https:\/\/www.musakinaci.com\/wp-content\/uploads\/2020\/04\/SDC10461-1200x1600.jpg 1200w, https:\/\/www.musakinaci.com\/wp-content\/uploads\/2020\/04\/SDC10461-1980x2640.jpg 1980w, https:\/\/www.musakinaci.com\/wp-content\/uploads\/2020\/04\/SDC10461-scaled.jpg 1920w\" sizes=\"auto, (max-width: 225px) 100vw, 225px\" \/><\/p>\n","protected":false},"excerpt":{"rendered":"","protected":false},"author":1,"featured_media":0,"parent":0,"menu_order":0,"comment_status":"closed","ping_status":"closed","template":"","meta":{"footnotes":""},"class_list":["post-178","page","type-page","status-publish","hentry"],"_links":{"self":[{"href":"https:\/\/www.musakinaci.com\/index.php\/wp-json\/wp\/v2\/pages\/178","targetHints":{"allow":["GET"]}}],"collection":[{"href":"https:\/\/www.musakinaci.com\/index.php\/wp-json\/wp\/v2\/pages"}],"about":[{"href":"https:\/\/www.musakinaci.com\/index.php\/wp-json\/wp\/v2\/types\/page"}],"author":[{"embeddable":true,"href":"https:\/\/www.musakinaci.com\/index.php\/wp-json\/wp\/v2\/users\/1"}],"replies":[{"embeddable":true,"href":"https:\/\/www.musakinaci.com\/index.php\/wp-json\/wp\/v2\/comments?post=178"}],"version-history":[{"count":2,"href":"https:\/\/www.musakinaci.com\/index.php\/wp-json\/wp\/v2\/pages\/178\/revisions"}],"predecessor-version":[{"id":312,"href":"https:\/\/www.musakinaci.com\/index.php\/wp-json\/wp\/v2\/pages\/178\/revisions\/312"}],"wp:attachment":[{"href":"https:\/\/www.musakinaci.com\/index.php\/wp-json\/wp\/v2\/media?parent=178"}],"curies":[{"name":"wp","href":"https:\/\/api.w.org\/{rel}","templated":true}]}}