{"id":170,"date":"2020-04-10T16:31:15","date_gmt":"2020-04-10T13:31:15","guid":{"rendered":"http:\/\/www.musakinaci.com\/?page_id=170"},"modified":"2023-08-03T22:18:01","modified_gmt":"2023-08-03T19:18:01","slug":"kisisel-gelisim-video","status":"publish","type":"page","link":"https:\/\/www.musakinaci.com\/index.php\/kisisel-gelisim-video\/","title":{"rendered":"Ki\u015fisel Geli\u015fim Video"},"content":{"rendered":"\n<p class=\"has-text-align-center\"><br><br><br><\/p>\n\n\n\n<figure class=\"wp-block-embed is-type-video is-provider-youtube wp-block-embed-youtube wp-embed-aspect-16-9 wp-has-aspect-ratio\"><div class=\"wp-block-embed__wrapper\">\n<iframe loading=\"lazy\" title=\"De\u011fi\u015fimin Par\u00e7as\u0131 Ol | Umut Vedat | TEDxIstanbul\" width=\"580\" height=\"326\" src=\"https:\/\/www.youtube.com\/embed\/R1in6yDKIMI?feature=oembed\" frameborder=\"0\" allow=\"accelerometer; autoplay; clipboard-write; encrypted-media; gyroscope; picture-in-picture; web-share\" referrerpolicy=\"strict-origin-when-cross-origin\" allowfullscreen><\/iframe>\n<\/div><\/figure>\n\n\n\n<p><br><br><br><br><\/p>\n\n\n\n<figure class=\"wp-block-embed is-type-video is-provider-youtube wp-block-embed-youtube wp-embed-aspect-16-9 wp-has-aspect-ratio\"><div class=\"wp-block-embed__wrapper\">\n<iframe loading=\"lazy\" title=\"Zenginli\u011fin B\u00fcy\u00fck S\u0131rr\u0131 | Emin \u00c7apa | TEDxIstanbul\" width=\"580\" height=\"326\" src=\"https:\/\/www.youtube.com\/embed\/QlAIjPGP2jg?feature=oembed\" frameborder=\"0\" allow=\"accelerometer; autoplay; clipboard-write; encrypted-media; gyroscope; picture-in-picture; web-share\" referrerpolicy=\"strict-origin-when-cross-origin\" allowfullscreen><\/iframe>\n<\/div><figcaption><br><br><br><br><br><br><\/figcaption><\/figure>\n\n\n\n<figure class=\"wp-block-embed is-type-video is-provider-youtube wp-block-embed-youtube wp-embed-aspect-16-9 wp-has-aspect-ratio\"><div class=\"wp-block-embed__wrapper\">\n<iframe loading=\"lazy\" title=\"Bizim Umuttan Bahsetmemiz Laz\u0131m |  Kalben | TEDxIstanbul\" width=\"580\" height=\"326\" src=\"https:\/\/www.youtube.com\/embed\/CitI8UTxrQ4?feature=oembed\" frameborder=\"0\" allow=\"accelerometer; autoplay; clipboard-write; encrypted-media; gyroscope; picture-in-picture; web-share\" referrerpolicy=\"strict-origin-when-cross-origin\" allowfullscreen><\/iframe>\n<\/div><figcaption><br><br><br><br><br><br><\/figcaption><\/figure>\n\n\n\n<figure class=\"wp-block-embed is-type-video is-provider-youtube wp-block-embed-youtube wp-embed-aspect-16-9 wp-has-aspect-ratio\"><div class=\"wp-block-embed__wrapper\">\n<iframe loading=\"lazy\" title=\"Hayat\u0131n\u0131z\u0131n Karar\u0131 | Talat K\u0131r\u0131\u015f | TEDxIstanbul\" width=\"580\" height=\"326\" src=\"https:\/\/www.youtube.com\/embed\/okup-d5rmOM?feature=oembed\" frameborder=\"0\" allow=\"accelerometer; autoplay; clipboard-write; encrypted-media; gyroscope; picture-in-picture; web-share\" referrerpolicy=\"strict-origin-when-cross-origin\" allowfullscreen><\/iframe>\n<\/div><\/figure>\n\n\n\n<p><\/p>\n\n\n\n<p><br><br><br><\/p>\n\n\n\n<figure class=\"wp-block-embed is-type-video is-provider-youtube wp-block-embed-youtube wp-embed-aspect-16-9 wp-has-aspect-ratio\"><div class=\"wp-block-embed__wrapper\">\n<iframe loading=\"lazy\" title=\"\u0130leti\u015fiminiz Kadars\u0131n\u0131z | Haluk G\u00fcrgen | TEDxIstanbul\" width=\"580\" height=\"326\" src=\"https:\/\/www.youtube.com\/embed\/34RsefZzs_Y?feature=oembed\" frameborder=\"0\" allow=\"accelerometer; autoplay; clipboard-write; encrypted-media; gyroscope; picture-in-picture; web-share\" referrerpolicy=\"strict-origin-when-cross-origin\" allowfullscreen><\/iframe>\n<\/div><\/figure>\n\n\n\n<p><br><br><br><\/p>\n\n\n\n<figure class=\"wp-block-embed is-type-video is-provider-youtube wp-block-embed-youtube wp-embed-aspect-16-9 wp-has-aspect-ratio\"><div class=\"wp-block-embed__wrapper\">\n<iframe loading=\"lazy\" title=\"En Derin \u00c7ukurdaki Tutku | \u015eokopop  | TEDxIstanbul\" width=\"580\" height=\"326\" src=\"https:\/\/www.youtube.com\/embed\/72H7k9IvJJg?feature=oembed\" frameborder=\"0\" allow=\"accelerometer; autoplay; clipboard-write; encrypted-media; gyroscope; picture-in-picture; web-share\" referrerpolicy=\"strict-origin-when-cross-origin\" allowfullscreen><\/iframe>\n<\/div><figcaption><br><br><br><br><br><\/figcaption><\/figure>\n\n\n\n<figure class=\"wp-block-embed is-type-video is-provider-youtube wp-block-embed-youtube wp-embed-aspect-16-9 wp-has-aspect-ratio\"><div class=\"wp-block-embed__wrapper\">\n<iframe loading=\"lazy\" title=\"Sanane! | Karsu D\u00f6nmez | TEDxIstanbul\" width=\"580\" height=\"326\" src=\"https:\/\/www.youtube.com\/embed\/vEVA3NegYBY?feature=oembed\" frameborder=\"0\" allow=\"accelerometer; autoplay; clipboard-write; encrypted-media; gyroscope; picture-in-picture; web-share\" referrerpolicy=\"strict-origin-when-cross-origin\" allowfullscreen><\/iframe>\n<\/div><\/figure>\n\n\n\n<p><br><br><br><\/p>\n\n\n\n<figure class=\"wp-block-embed is-type-video is-provider-youtube wp-block-embed-youtube wp-embed-aspect-16-9 wp-has-aspect-ratio\"><div class=\"wp-block-embed__wrapper\">\n<iframe loading=\"lazy\" title=\"Ben Bir Kad\u0131n\u0131m! | Feyza Altun | TEDxIstanbul\" width=\"580\" height=\"326\" src=\"https:\/\/www.youtube.com\/embed\/ZdeFof81xKs?feature=oembed\" frameborder=\"0\" allow=\"accelerometer; autoplay; clipboard-write; encrypted-media; gyroscope; picture-in-picture; web-share\" referrerpolicy=\"strict-origin-when-cross-origin\" allowfullscreen><\/iframe>\n<\/div><\/figure>\n\n\n\n<p><\/p>\n","protected":false},"excerpt":{"rendered":"","protected":false},"author":1,"featured_media":0,"parent":0,"menu_order":0,"comment_status":"closed","ping_status":"closed","template":"","meta":{"footnotes":""},"class_list":["post-170","page","type-page","status-publish","hentry"],"_links":{"self":[{"href":"https:\/\/www.musakinaci.com\/index.php\/wp-json\/wp\/v2\/pages\/170","targetHints":{"allow":["GET"]}}],"collection":[{"href":"https:\/\/www.musakinaci.com\/index.php\/wp-json\/wp\/v2\/pages"}],"about":[{"href":"https:\/\/www.musakinaci.com\/index.php\/wp-json\/wp\/v2\/types\/page"}],"author":[{"embeddable":true,"href":"https:\/\/www.musakinaci.com\/index.php\/wp-json\/wp\/v2\/users\/1"}],"replies":[{"embeddable":true,"href":"https:\/\/www.musakinaci.com\/index.php\/wp-json\/wp\/v2\/comments?post=170"}],"version-history":[{"count":9,"href":"https:\/\/www.musakinaci.com\/index.php\/wp-json\/wp\/v2\/pages\/170\/revisions"}],"predecessor-version":[{"id":380,"href":"https:\/\/www.musakinaci.com\/index.php\/wp-json\/wp\/v2\/pages\/170\/revisions\/380"}],"wp:attachment":[{"href":"https:\/\/www.musakinaci.com\/index.php\/wp-json\/wp\/v2\/media?parent=170"}],"curies":[{"name":"wp","href":"https:\/\/api.w.org\/{rel}","templated":true}]}}